{"id":761,"date":"2018-08-23T14:25:47","date_gmt":"2018-08-23T12:25:47","guid":{"rendered":"https:\/\/www.albene.de\/?page_id=761"},"modified":"2018-09-19T13:59:10","modified_gmt":"2018-09-19T11:59:10","slug":"references","status":"publish","type":"page","link":"https:\/\/www.albene.de\/en\/the-albene-gmbh\/references\/","title":{"rendered":"References"},"content":{"rendered":"\r\n<table class=\"wp-block-table\">\r\n<tbody>\r\n<tr>\r\n<td>ADAC\r\nAOK\r\nAllianz\r\nBayerische\r\nVersicherungskammer\r\nBernbacher\r\nBertelsmann\r\nBMW Group\r\nBurda\r\nBVG\r\nErdinger Wei\u00dfbier\r\nEU Kommission\r\nG-Data\r\nG\u00fcnzburger Steigtechnik\r\nHamamatsu\r\nImpire AG\r\nIndevis<\/td>\r\n<td>McDonalds\r\nMercedes-Benz\r\nMicrosoft\r\nMINI\r\nMistral Windsurfing\r\nNGK\r\nPSI H\u00e4ndler\r\nSani Plus\r\nSchiesser\r\nSport Scheck\r\nTanner AG\r\nT-Systems\r\nvon Guttenberg\r\nWeber Grill\r\nWella\r\nWerbeagenturen\u2026 und viele mehr!<\/td>\r\n<\/tr>\r\n<\/tbody>\r\n<\/table>\r\n\r\n\r\n<img loading=\"lazy\" decoding=\"async\" width=\"190\" height=\"140\" class=\"wp-image-199 alignright\" src=\"https:\/\/www.albene.de\/wp-content\/uploads\/referenzen-baelle.jpg\" alt=\"\" \/>","protected":false},"excerpt":{"rendered":"<p>ADAC AOK Allianz Bayerische Versicherungskammer Bernbacher Bertelsmann BMW Group Burda BVG Erdinger Wei\u00dfbier EU Kommission G-Data G\u00fcnzburger Steigtechnik Hamamatsu Impire AG Indevis McDonalds Mercedes-Benz Microsoft MINI Mistral Windsurfing NGK PSI H\u00e4ndler Sani Plus Schiesser Sport Scheck Tanner AG T-Systems von Guttenberg Weber Grill Wella Werbeagenturen\u2026 und viele mehr!<\/p>\n","protected":false},"author":1,"featured_media":0,"parent":740,"menu_order":40,"comment_status":"closed","ping_status":"closed","template":"","meta":{"_acf_changed":false,"footnotes":""},"class_list":["post-761","page","type-page","status-publish","hentry"],"acf":[],"yoast_head":"<!-- This site is optimized with the Yoast SEO plugin v27.1.1 - https:\/\/yoast.com\/product\/yoast-seo-wordpress\/ -->\n<title>References - ALBENE<\/title>\n<meta name=\"robots\" content=\"index, follow, max-snippet:-1, max-image-preview:large, max-video-preview:-1\" \/>\n<link rel=\"canonical\" href=\"https:\/\/www.albene.de\/en\/the-albene-gmbh\/references\/\" \/>\n<meta property=\"og:locale\" content=\"en_US\" \/>\n<meta property=\"og:type\" content=\"article\" \/>\n<meta property=\"og:title\" content=\"References - ALBENE\" \/>\n<meta property=\"og:description\" content=\"ADAC AOK Allianz Bayerische Versicherungskammer Bernbacher Bertelsmann BMW Group Burda BVG Erdinger Wei\u00dfbier EU Kommission G-Data G\u00fcnzburger Steigtechnik Hamamatsu Impire AG Indevis McDonalds Mercedes-Benz Microsoft MINI Mistral Windsurfing NGK PSI H\u00e4ndler Sani Plus Schiesser Sport Scheck Tanner AG T-Systems von Guttenberg Weber Grill Wella Werbeagenturen\u2026 und viele mehr!\" \/>\n<meta property=\"og:url\" content=\"https:\/\/www.albene.de\/en\/the-albene-gmbh\/references\/\" \/>\n<meta property=\"og:site_name\" content=\"ALBENE\" \/>\n<meta property=\"article:modified_time\" content=\"2018-09-19T11:59:10+00:00\" \/>\n<meta property=\"og:image\" content=\"https:\/\/www.albene.de\/wp-content\/uploads\/referenzen-baelle.jpg\" \/>\n<meta name=\"twitter:card\" content=\"summary_large_image\" \/>\n<script type=\"application\/ld+json\" class=\"yoast-schema-graph\">{\"@context\":\"https:\/\/schema.org\",\"@graph\":[{\"@type\":\"WebPage\",\"@id\":\"https:\/\/www.albene.de\/en\/the-albene-gmbh\/references\/\",\"url\":\"https:\/\/www.albene.de\/en\/the-albene-gmbh\/references\/\",\"name\":\"References - ALBENE\",\"isPartOf\":{\"@id\":\"https:\/\/www.albene.de\/en\/#website\"},\"primaryImageOfPage\":{\"@id\":\"https:\/\/www.albene.de\/en\/the-albene-gmbh\/references\/#primaryimage\"},\"image\":{\"@id\":\"https:\/\/www.albene.de\/en\/the-albene-gmbh\/references\/#primaryimage\"},\"thumbnailUrl\":\"https:\/\/www.albene.de\/wp-content\/uploads\/referenzen-baelle.jpg\",\"datePublished\":\"2018-08-23T12:25:47+00:00\",\"dateModified\":\"2018-09-19T11:59:10+00:00\",\"breadcrumb\":{\"@id\":\"https:\/\/www.albene.de\/en\/the-albene-gmbh\/references\/#breadcrumb\"},\"inLanguage\":\"en-US\",\"potentialAction\":[{\"@type\":\"ReadAction\",\"target\":[\"https:\/\/www.albene.de\/en\/the-albene-gmbh\/references\/\"]}]},{\"@type\":\"ImageObject\",\"inLanguage\":\"en-US\",\"@id\":\"https:\/\/www.albene.de\/en\/the-albene-gmbh\/references\/#primaryimage\",\"url\":\"https:\/\/www.albene.de\/wp-content\/uploads\/referenzen-baelle.jpg\",\"contentUrl\":\"https:\/\/www.albene.de\/wp-content\/uploads\/referenzen-baelle.jpg\"},{\"@type\":\"BreadcrumbList\",\"@id\":\"https:\/\/www.albene.de\/en\/the-albene-gmbh\/references\/#breadcrumb\",\"itemListElement\":[{\"@type\":\"ListItem\",\"position\":1,\"name\":\"Startseite\",\"item\":\"https:\/\/www.albene.de\/en\/\"},{\"@type\":\"ListItem\",\"position\":2,\"name\":\"The Albene GmbH\",\"item\":\"https:\/\/www.albene.de\/en\/the-albene-gmbh\/\"},{\"@type\":\"ListItem\",\"position\":3,\"name\":\"References\"}]},{\"@type\":\"WebSite\",\"@id\":\"https:\/\/www.albene.de\/en\/#website\",\"url\":\"https:\/\/www.albene.de\/en\/\",\"name\":\"ALBENE\",\"description\":\"Sport &amp; Werbeartikel\",\"potentialAction\":[{\"@type\":\"SearchAction\",\"target\":{\"@type\":\"EntryPoint\",\"urlTemplate\":\"https:\/\/www.albene.de\/en\/?s={search_term_string}\"},\"query-input\":{\"@type\":\"PropertyValueSpecification\",\"valueRequired\":true,\"valueName\":\"search_term_string\"}}],\"inLanguage\":\"en-US\"}]}<\/script>\n<!-- \/ Yoast SEO plugin. -->","yoast_head_json":{"title":"References - ALBENE","robots":{"index":"index","follow":"follow","max-snippet":"max-snippet:-1","max-image-preview":"max-image-preview:large","max-video-preview":"max-video-preview:-1"},"canonical":"https:\/\/www.albene.de\/en\/the-albene-gmbh\/references\/","og_locale":"en_US","og_type":"article","og_title":"References - ALBENE","og_description":"ADAC AOK Allianz Bayerische Versicherungskammer Bernbacher Bertelsmann BMW Group Burda BVG Erdinger Wei\u00dfbier EU Kommission G-Data G\u00fcnzburger Steigtechnik Hamamatsu Impire AG Indevis McDonalds Mercedes-Benz Microsoft MINI Mistral Windsurfing NGK PSI H\u00e4ndler Sani Plus Schiesser Sport Scheck Tanner AG T-Systems von Guttenberg Weber Grill Wella Werbeagenturen\u2026 und viele mehr!","og_url":"https:\/\/www.albene.de\/en\/the-albene-gmbh\/references\/","og_site_name":"ALBENE","article_modified_time":"2018-09-19T11:59:10+00:00","og_image":[{"url":"https:\/\/www.albene.de\/wp-content\/uploads\/referenzen-baelle.jpg","type":"","width":"","height":""}],"twitter_card":"summary_large_image","schema":{"@context":"https:\/\/schema.org","@graph":[{"@type":"WebPage","@id":"https:\/\/www.albene.de\/en\/the-albene-gmbh\/references\/","url":"https:\/\/www.albene.de\/en\/the-albene-gmbh\/references\/","name":"References - ALBENE","isPartOf":{"@id":"https:\/\/www.albene.de\/en\/#website"},"primaryImageOfPage":{"@id":"https:\/\/www.albene.de\/en\/the-albene-gmbh\/references\/#primaryimage"},"image":{"@id":"https:\/\/www.albene.de\/en\/the-albene-gmbh\/references\/#primaryimage"},"thumbnailUrl":"https:\/\/www.albene.de\/wp-content\/uploads\/referenzen-baelle.jpg","datePublished":"2018-08-23T12:25:47+00:00","dateModified":"2018-09-19T11:59:10+00:00","breadcrumb":{"@id":"https:\/\/www.albene.de\/en\/the-albene-gmbh\/references\/#breadcrumb"},"inLanguage":"en-US","potentialAction":[{"@type":"ReadAction","target":["https:\/\/www.albene.de\/en\/the-albene-gmbh\/references\/"]}]},{"@type":"ImageObject","inLanguage":"en-US","@id":"https:\/\/www.albene.de\/en\/the-albene-gmbh\/references\/#primaryimage","url":"https:\/\/www.albene.de\/wp-content\/uploads\/referenzen-baelle.jpg","contentUrl":"https:\/\/www.albene.de\/wp-content\/uploads\/referenzen-baelle.jpg"},{"@type":"BreadcrumbList","@id":"https:\/\/www.albene.de\/en\/the-albene-gmbh\/references\/#breadcrumb","itemListElement":[{"@type":"ListItem","position":1,"name":"Startseite","item":"https:\/\/www.albene.de\/en\/"},{"@type":"ListItem","position":2,"name":"The Albene GmbH","item":"https:\/\/www.albene.de\/en\/the-albene-gmbh\/"},{"@type":"ListItem","position":3,"name":"References"}]},{"@type":"WebSite","@id":"https:\/\/www.albene.de\/en\/#website","url":"https:\/\/www.albene.de\/en\/","name":"ALBENE","description":"Sport &amp; Werbeartikel","potentialAction":[{"@type":"SearchAction","target":{"@type":"EntryPoint","urlTemplate":"https:\/\/www.albene.de\/en\/?s={search_term_string}"},"query-input":{"@type":"PropertyValueSpecification","valueRequired":true,"valueName":"search_term_string"}}],"inLanguage":"en-US"}]}},"_links":{"self":[{"href":"https:\/\/www.albene.de\/en\/wp-json\/wp\/v2\/pages\/761","targetHints":{"allow":["GET"]}}],"collection":[{"href":"https:\/\/www.albene.de\/en\/wp-json\/wp\/v2\/pages"}],"about":[{"href":"https:\/\/www.albene.de\/en\/wp-json\/wp\/v2\/types\/page"}],"author":[{"embeddable":true,"href":"https:\/\/www.albene.de\/en\/wp-json\/wp\/v2\/users\/1"}],"replies":[{"embeddable":true,"href":"https:\/\/www.albene.de\/en\/wp-json\/wp\/v2\/comments?post=761"}],"version-history":[{"count":2,"href":"https:\/\/www.albene.de\/en\/wp-json\/wp\/v2\/pages\/761\/revisions"}],"predecessor-version":[{"id":930,"href":"https:\/\/www.albene.de\/en\/wp-json\/wp\/v2\/pages\/761\/revisions\/930"}],"up":[{"embeddable":true,"href":"https:\/\/www.albene.de\/en\/wp-json\/wp\/v2\/pages\/740"}],"wp:attachment":[{"href":"https:\/\/www.albene.de\/en\/wp-json\/wp\/v2\/media?parent=761"}],"curies":[{"name":"wp","href":"https:\/\/api.w.org\/{rel}","templated":true}]}}