{"id":763,"date":"2018-08-23T14:26:18","date_gmt":"2018-08-23T12:26:18","guid":{"rendered":"https:\/\/www.albene.de\/?page_id=763"},"modified":"2018-09-19T13:59:26","modified_gmt":"2018-09-19T11:59:26","slug":"product-list","status":"publish","type":"page","link":"https:\/\/www.albene.de\/en\/the-albene-gmbh\/product-list\/","title":{"rendered":"Product list"},"content":{"rendered":"<div style=\"float: left; padding: 0 50px 20px 0;\">\n<p>Adventskalender<br \/>\nAschenbecher<br \/>\nAufblasbare Artikel<br \/>\nAutos (Miniatur)<br \/>\nAward<\/p>\n<p>Badet\u00fccher<br \/>\nBaseballhandschuhe<br \/>\nBaseball Caps<br \/>\nBasketb\u00e4lle<br \/>\nBeach-Volleyb\u00e4lle<br \/>\nBleistifte<br \/>\nBonbons<br \/>\nBottle Bag<br \/>\nBoxhandschuhe<br \/>\nBrieftaschen<br \/>\nBrief\u00f6ffner<br \/>\nBrustbeutel<\/p>\n<p>Chronographen<\/p>\n<p>Fahnen<br \/>\nFahrradhandschuhe<br \/>\nFahrradhelme<br \/>\nFahrradklingel<br \/>\nFanschl\u00e4uche<br \/>\nFeuerzeuge<br \/>\nFlaschen\u00f6ffner<br \/>\nFoam Fan Caps<br \/>\nFrisbee<br \/>\nFu\u00dfb\u00e4lle<\/p>\n<p>Geldbeutel<br \/>\nGewichtheberg\u00fcrtel<br \/>\nGlasquader<br \/>\nGolfb\u00e4lle<br \/>\nG\u00fcrteltaschen<\/p>\n<\/div>\n<div style=\"float: left; padding: 0 50px 20px 0;\">\n<p>Haftnotizen<br \/>\nHandb\u00e4lle<br \/>\nHandschuhe<br \/>\nHanteln<\/p>\n<p>JoJos<\/p>\n<p>Kinder-Malsets<br \/>\nKlackarmb\u00e4nder<br \/>\nKompanten<br \/>\nKugelschreiber<\/p>\n<p>Lan Yards<br \/>\nLederartikel<br \/>\nLederb\u00e4lle<br \/>\nLolly&#8217;s<br \/>\nLuftballons<\/p>\n<p>Magnettafeln<br \/>\nMagnetsteine<br \/>\nMemo Watch<br \/>\nMinib\u00e4lle<br \/>\nMint Cards<br \/>\nMouse Pads<\/p>\n<p>Ohrenst\u00f6psel<br \/>\n(Formel 1 Rennen)<\/p>\n<p>Quietsch-Entchen<\/p>\n<p>Parkscheiben<br \/>\nPins<br \/>\nPolo-Shirts<br \/>\nPonchos<br \/>\nPorzellan-Artikel<\/p>\n<p>&nbsp;<\/p>\n<\/div>\n<div style=\"float: left; padding: 0 0 20px 0;\">\n<p>Radio<br \/>\nReflektierende Artikel<br \/>\nRegenjacken<br \/>\nRegiest\u00fchle<br \/>\nRucks\u00e4cke<br \/>\nRegenschirme<\/p>\n<p>Schl\u00fcsselanh\u00e4nger<br \/>\nSchl\u00fcsselb\u00e4nder<br \/>\nSchreibger\u00e4te<br \/>\nSegelhandschuhe<br \/>\nSegels\u00e4cke<br \/>\nSitzkissen<br \/>\nSkihandschuhe<br \/>\nSonnenschirme<br \/>\nSportartikel<br \/>\nSporttaschen<br \/>\nStirnb\u00e4nder<br \/>\nSweat-Shirts<br \/>\nSonderanfertigungen<br \/>\nS\u00fcsse Werbung<\/p>\n<p>Tassen<br \/>\nTaschenlampen<br \/>\nTennisb\u00e4lle<br \/>\nT-Shirts<br \/>\nUhren aller Art<br \/>\nUmh\u00e4ngeb\u00e4nder<br \/>\nUSB Sticks<br \/>\nVentilatoren<br \/>\nVolleyb\u00e4lle<br \/>\nWasserb\u00e4lle<br \/>\nWecker<\/p>\n<p>Z\u00fcndh\u00f6lzer<\/p>\n<p>u.v.m.<\/p>\n<\/div>\n","protected":false},"excerpt":{"rendered":"<p>Adventskalender Aschenbecher Aufblasbare Artikel Autos (Miniatur) Award Badet\u00fccher Baseballhandschuhe Baseball Caps Basketb\u00e4lle Beach-Volleyb\u00e4lle Bleistifte Bonbons Bottle Bag Boxhandschuhe Brieftaschen Brief\u00f6ffner Brustbeutel Chronographen Fahnen Fahrradhandschuhe Fahrradhelme Fahrradklingel Fanschl\u00e4uche Feuerzeuge Flaschen\u00f6ffner Foam Fan Caps Frisbee Fu\u00dfb\u00e4lle Geldbeutel Gewichtheberg\u00fcrtel Glasquader Golfb\u00e4lle G\u00fcrteltaschen Haftnotizen Handb\u00e4lle Handschuhe Hanteln JoJos Kinder-Malsets Klackarmb\u00e4nder Kompanten Kugelschreiber Lan Yards Lederartikel Lederb\u00e4lle Lolly&#8217;s Luftballons Magnettafeln [&hellip;]<\/p>\n","protected":false},"author":1,"featured_media":0,"parent":740,"menu_order":50,"comment_status":"closed","ping_status":"closed","template":"","meta":{"_acf_changed":false,"footnotes":""},"class_list":["post-763","page","type-page","status-publish","hentry"],"acf":[],"yoast_head":"<!-- This site is optimized with the Yoast SEO plugin v27.1.1 - https:\/\/yoast.com\/product\/yoast-seo-wordpress\/ -->\n<title>Product list - ALBENE<\/title>\n<meta name=\"robots\" content=\"index, follow, max-snippet:-1, max-image-preview:large, max-video-preview:-1\" \/>\n<link rel=\"canonical\" href=\"https:\/\/www.albene.de\/en\/the-albene-gmbh\/product-list\/\" \/>\n<meta property=\"og:locale\" content=\"en_US\" \/>\n<meta property=\"og:type\" content=\"article\" \/>\n<meta property=\"og:title\" content=\"Product list - ALBENE\" \/>\n<meta property=\"og:description\" content=\"Adventskalender Aschenbecher Aufblasbare Artikel Autos (Miniatur) Award Badet\u00fccher Baseballhandschuhe Baseball Caps Basketb\u00e4lle Beach-Volleyb\u00e4lle Bleistifte Bonbons Bottle Bag Boxhandschuhe Brieftaschen Brief\u00f6ffner Brustbeutel Chronographen Fahnen Fahrradhandschuhe Fahrradhelme Fahrradklingel Fanschl\u00e4uche Feuerzeuge Flaschen\u00f6ffner Foam Fan Caps Frisbee Fu\u00dfb\u00e4lle Geldbeutel Gewichtheberg\u00fcrtel Glasquader Golfb\u00e4lle G\u00fcrteltaschen Haftnotizen Handb\u00e4lle Handschuhe Hanteln JoJos Kinder-Malsets Klackarmb\u00e4nder Kompanten Kugelschreiber Lan Yards Lederartikel Lederb\u00e4lle Lolly&#8217;s Luftballons Magnettafeln [&hellip;]\" \/>\n<meta property=\"og:url\" content=\"https:\/\/www.albene.de\/en\/the-albene-gmbh\/product-list\/\" \/>\n<meta property=\"og:site_name\" content=\"ALBENE\" \/>\n<meta property=\"article:modified_time\" content=\"2018-09-19T11:59:26+00:00\" \/>\n<meta name=\"twitter:card\" content=\"summary_large_image\" \/>\n<meta name=\"twitter:label1\" content=\"Est. reading time\" \/>\n\t<meta name=\"twitter:data1\" content=\"1 minute\" \/>\n<script type=\"application\/ld+json\" class=\"yoast-schema-graph\">{\"@context\":\"https:\/\/schema.org\",\"@graph\":[{\"@type\":\"WebPage\",\"@id\":\"https:\/\/www.albene.de\/en\/the-albene-gmbh\/product-list\/\",\"url\":\"https:\/\/www.albene.de\/en\/the-albene-gmbh\/product-list\/\",\"name\":\"Product list - ALBENE\",\"isPartOf\":{\"@id\":\"https:\/\/www.albene.de\/en\/#website\"},\"datePublished\":\"2018-08-23T12:26:18+00:00\",\"dateModified\":\"2018-09-19T11:59:26+00:00\",\"breadcrumb\":{\"@id\":\"https:\/\/www.albene.de\/en\/the-albene-gmbh\/product-list\/#breadcrumb\"},\"inLanguage\":\"en-US\",\"potentialAction\":[{\"@type\":\"ReadAction\",\"target\":[\"https:\/\/www.albene.de\/en\/the-albene-gmbh\/product-list\/\"]}]},{\"@type\":\"BreadcrumbList\",\"@id\":\"https:\/\/www.albene.de\/en\/the-albene-gmbh\/product-list\/#breadcrumb\",\"itemListElement\":[{\"@type\":\"ListItem\",\"position\":1,\"name\":\"Startseite\",\"item\":\"https:\/\/www.albene.de\/en\/\"},{\"@type\":\"ListItem\",\"position\":2,\"name\":\"The Albene GmbH\",\"item\":\"https:\/\/www.albene.de\/en\/the-albene-gmbh\/\"},{\"@type\":\"ListItem\",\"position\":3,\"name\":\"Product list\"}]},{\"@type\":\"WebSite\",\"@id\":\"https:\/\/www.albene.de\/en\/#website\",\"url\":\"https:\/\/www.albene.de\/en\/\",\"name\":\"ALBENE\",\"description\":\"Sport &amp; Werbeartikel\",\"potentialAction\":[{\"@type\":\"SearchAction\",\"target\":{\"@type\":\"EntryPoint\",\"urlTemplate\":\"https:\/\/www.albene.de\/en\/?s={search_term_string}\"},\"query-input\":{\"@type\":\"PropertyValueSpecification\",\"valueRequired\":true,\"valueName\":\"search_term_string\"}}],\"inLanguage\":\"en-US\"}]}<\/script>\n<!-- \/ Yoast SEO plugin. -->","yoast_head_json":{"title":"Product list - ALBENE","robots":{"index":"index","follow":"follow","max-snippet":"max-snippet:-1","max-image-preview":"max-image-preview:large","max-video-preview":"max-video-preview:-1"},"canonical":"https:\/\/www.albene.de\/en\/the-albene-gmbh\/product-list\/","og_locale":"en_US","og_type":"article","og_title":"Product list - ALBENE","og_description":"Adventskalender Aschenbecher Aufblasbare Artikel Autos (Miniatur) Award Badet\u00fccher Baseballhandschuhe Baseball Caps Basketb\u00e4lle Beach-Volleyb\u00e4lle Bleistifte Bonbons Bottle Bag Boxhandschuhe Brieftaschen Brief\u00f6ffner Brustbeutel Chronographen Fahnen Fahrradhandschuhe Fahrradhelme Fahrradklingel Fanschl\u00e4uche Feuerzeuge Flaschen\u00f6ffner Foam Fan Caps Frisbee Fu\u00dfb\u00e4lle Geldbeutel Gewichtheberg\u00fcrtel Glasquader Golfb\u00e4lle G\u00fcrteltaschen Haftnotizen Handb\u00e4lle Handschuhe Hanteln JoJos Kinder-Malsets Klackarmb\u00e4nder Kompanten Kugelschreiber Lan Yards Lederartikel Lederb\u00e4lle Lolly&#8217;s Luftballons Magnettafeln [&hellip;]","og_url":"https:\/\/www.albene.de\/en\/the-albene-gmbh\/product-list\/","og_site_name":"ALBENE","article_modified_time":"2018-09-19T11:59:26+00:00","twitter_card":"summary_large_image","twitter_misc":{"Est. reading time":"1 minute"},"schema":{"@context":"https:\/\/schema.org","@graph":[{"@type":"WebPage","@id":"https:\/\/www.albene.de\/en\/the-albene-gmbh\/product-list\/","url":"https:\/\/www.albene.de\/en\/the-albene-gmbh\/product-list\/","name":"Product list - ALBENE","isPartOf":{"@id":"https:\/\/www.albene.de\/en\/#website"},"datePublished":"2018-08-23T12:26:18+00:00","dateModified":"2018-09-19T11:59:26+00:00","breadcrumb":{"@id":"https:\/\/www.albene.de\/en\/the-albene-gmbh\/product-list\/#breadcrumb"},"inLanguage":"en-US","potentialAction":[{"@type":"ReadAction","target":["https:\/\/www.albene.de\/en\/the-albene-gmbh\/product-list\/"]}]},{"@type":"BreadcrumbList","@id":"https:\/\/www.albene.de\/en\/the-albene-gmbh\/product-list\/#breadcrumb","itemListElement":[{"@type":"ListItem","position":1,"name":"Startseite","item":"https:\/\/www.albene.de\/en\/"},{"@type":"ListItem","position":2,"name":"The Albene GmbH","item":"https:\/\/www.albene.de\/en\/the-albene-gmbh\/"},{"@type":"ListItem","position":3,"name":"Product list"}]},{"@type":"WebSite","@id":"https:\/\/www.albene.de\/en\/#website","url":"https:\/\/www.albene.de\/en\/","name":"ALBENE","description":"Sport &amp; Werbeartikel","potentialAction":[{"@type":"SearchAction","target":{"@type":"EntryPoint","urlTemplate":"https:\/\/www.albene.de\/en\/?s={search_term_string}"},"query-input":{"@type":"PropertyValueSpecification","valueRequired":true,"valueName":"search_term_string"}}],"inLanguage":"en-US"}]}},"_links":{"self":[{"href":"https:\/\/www.albene.de\/en\/wp-json\/wp\/v2\/pages\/763","targetHints":{"allow":["GET"]}}],"collection":[{"href":"https:\/\/www.albene.de\/en\/wp-json\/wp\/v2\/pages"}],"about":[{"href":"https:\/\/www.albene.de\/en\/wp-json\/wp\/v2\/types\/page"}],"author":[{"embeddable":true,"href":"https:\/\/www.albene.de\/en\/wp-json\/wp\/v2\/users\/1"}],"replies":[{"embeddable":true,"href":"https:\/\/www.albene.de\/en\/wp-json\/wp\/v2\/comments?post=763"}],"version-history":[{"count":2,"href":"https:\/\/www.albene.de\/en\/wp-json\/wp\/v2\/pages\/763\/revisions"}],"predecessor-version":[{"id":931,"href":"https:\/\/www.albene.de\/en\/wp-json\/wp\/v2\/pages\/763\/revisions\/931"}],"up":[{"embeddable":true,"href":"https:\/\/www.albene.de\/en\/wp-json\/wp\/v2\/pages\/740"}],"wp:attachment":[{"href":"https:\/\/www.albene.de\/en\/wp-json\/wp\/v2\/media?parent=763"}],"curies":[{"name":"wp","href":"https:\/\/api.w.org\/{rel}","templated":true}]}}